{"id":6,"date":"2015-09-20T10:16:16","date_gmt":"2015-09-20T08:16:16","guid":{"rendered":"http:\/\/neugebauer.at\/?page_id=6"},"modified":"2022-08-22T12:38:36","modified_gmt":"2022-08-22T10:38:36","slug":"home","status":"publish","type":"page","link":"https:\/\/www.neugebauer.at\/","title":{"rendered":"Home"},"content":{"rendered":"<div id=\"pl-6\"  class=\"panel-layout\" ><div id=\"pg-6-0\"  class=\"panel-grid panel-no-style\" ><div id=\"pgc-6-0-0\"  class=\"panel-grid-cell\" ><div id=\"panel-6-0-0-0\" class=\"so-panel widget widget_sow-slider panel-first-child panel-last-child\" data-index=\"0\" ><div\n\t\t\t\n\t\t\tclass=\"so-widget-sow-slider so-widget-sow-slider-default-6d39609536fd-6\"\n\t\t\t\n\t\t>\t\t\t\t<div class=\"sow-slider-base\" style=\"display: none\" tabindex=\"0\">\n\t\t\t\t\t<ul\n\t\t\t\t\tclass=\"sow-slider-images\"\n\t\t\t\t\tdata-settings=\"{&quot;pagination&quot;:true,&quot;speed&quot;:800,&quot;timeout&quot;:8000,&quot;paused&quot;:false,&quot;pause_on_hover&quot;:false,&quot;swipe&quot;:true,&quot;nav_always_show_desktop&quot;:&quot;&quot;,&quot;nav_always_show_mobile&quot;:&quot;&quot;,&quot;breakpoint&quot;:&quot;780px&quot;,&quot;unmute&quot;:false,&quot;anchor&quot;:null}\"\n\t\t\t\t\t\t\t\t\t\tdata-anchor-id=\"\"\n\t\t\t\t>\t\t<li class=\"sow-slider-image\" style=\"visibility: visible;\" >\n\t\t\t\t\t\t<div class=\"sow-slider-image-container\">\n\t\t\t\t<div class=\"sow-slider-image-wrapper\" style=\"max-width: 1600px\">\n\t\t\t\t\t\t\t\t\t\t<div class=\"sow-slider-image-foreground-wrapper\">\n\t\t\t\t\t\t<img loading=\"lazy\" decoding=\"async\" width=\"1600\" height=\"490\" src=\"https:\/\/www.neugebauer.at\/wp-content\/uploads\/2016\/01\/slider1.jpg\" class=\"sow-slider-foreground-image\" alt=\"\" style=\"\" srcset=\"https:\/\/www.neugebauer.at\/wp-content\/uploads\/2016\/01\/slider1.jpg 1600w, https:\/\/www.neugebauer.at\/wp-content\/uploads\/2016\/01\/slider1-300x92.jpg 300w, https:\/\/www.neugebauer.at\/wp-content\/uploads\/2016\/01\/slider1-768x235.jpg 768w, https:\/\/www.neugebauer.at\/wp-content\/uploads\/2016\/01\/slider1-1024x314.jpg 1024w\" sizes=\"auto, (max-width: 1600px) 100vw, 1600px\" \/>\t\t\t\t\t<\/div>\n\t\t\t\t\t\t\t\t\t<\/div>\n\t\t\t<\/div>\n\t\t\t\t\t<\/li>\n\t\t\t\t<li class=\"sow-slider-image\" style=\"visibility: hidden;\" >\n\t\t\t\t\t\t<div class=\"sow-slider-image-container\">\n\t\t\t\t<div class=\"sow-slider-image-wrapper\" style=\"max-width: 1600px\">\n\t\t\t\t\t\t\t\t\t\t<div class=\"sow-slider-image-foreground-wrapper\">\n\t\t\t\t\t\t<img loading=\"lazy\" decoding=\"async\" width=\"1600\" height=\"490\" src=\"https:\/\/www.neugebauer.at\/wp-content\/uploads\/2016\/01\/slider2.jpg\" class=\"sow-slider-foreground-image\" alt=\"\" style=\"\" srcset=\"https:\/\/www.neugebauer.at\/wp-content\/uploads\/2016\/01\/slider2.jpg 1600w, https:\/\/www.neugebauer.at\/wp-content\/uploads\/2016\/01\/slider2-300x92.jpg 300w, https:\/\/www.neugebauer.at\/wp-content\/uploads\/2016\/01\/slider2-768x235.jpg 768w, https:\/\/www.neugebauer.at\/wp-content\/uploads\/2016\/01\/slider2-1024x314.jpg 1024w\" sizes=\"auto, (max-width: 1600px) 100vw, 1600px\" \/>\t\t\t\t\t<\/div>\n\t\t\t\t\t\t\t\t\t<\/div>\n\t\t\t<\/div>\n\t\t\t\t\t<\/li>\n\t\t\t\t<li class=\"sow-slider-image\" style=\"visibility: hidden;\" >\n\t\t\t\t\t\t<div class=\"sow-slider-image-container\">\n\t\t\t\t<div class=\"sow-slider-image-wrapper\" style=\"max-width: 1600px\">\n\t\t\t\t\t\t\t\t\t\t<div class=\"sow-slider-image-foreground-wrapper\">\n\t\t\t\t\t\t<img loading=\"lazy\" decoding=\"async\" width=\"1600\" height=\"490\" src=\"https:\/\/www.neugebauer.at\/wp-content\/uploads\/2016\/01\/slider3.jpg\" class=\"sow-slider-foreground-image\" alt=\"\" style=\"\" srcset=\"https:\/\/www.neugebauer.at\/wp-content\/uploads\/2016\/01\/slider3.jpg 1600w, https:\/\/www.neugebauer.at\/wp-content\/uploads\/2016\/01\/slider3-300x92.jpg 300w, https:\/\/www.neugebauer.at\/wp-content\/uploads\/2016\/01\/slider3-768x235.jpg 768w, https:\/\/www.neugebauer.at\/wp-content\/uploads\/2016\/01\/slider3-1024x314.jpg 1024w\" sizes=\"auto, (max-width: 1600px) 100vw, 1600px\" \/>\t\t\t\t\t<\/div>\n\t\t\t\t\t\t\t\t\t<\/div>\n\t\t\t<\/div>\n\t\t\t\t\t<\/li>\n\t\t\t\t<li class=\"sow-slider-image\" style=\"visibility: hidden;\" >\n\t\t\t\t\t\t<div class=\"sow-slider-image-container\">\n\t\t\t\t<div class=\"sow-slider-image-wrapper\" style=\"max-width: 1600px\">\n\t\t\t\t\t\t\t\t\t\t<div class=\"sow-slider-image-foreground-wrapper\">\n\t\t\t\t\t\t<img loading=\"lazy\" decoding=\"async\" width=\"1600\" height=\"490\" src=\"https:\/\/www.neugebauer.at\/wp-content\/uploads\/2016\/01\/slider10.jpg\" class=\"sow-slider-foreground-image\" alt=\"\" style=\"\" srcset=\"https:\/\/www.neugebauer.at\/wp-content\/uploads\/2016\/01\/slider10.jpg 1600w, https:\/\/www.neugebauer.at\/wp-content\/uploads\/2016\/01\/slider10-300x92.jpg 300w, https:\/\/www.neugebauer.at\/wp-content\/uploads\/2016\/01\/slider10-768x235.jpg 768w, https:\/\/www.neugebauer.at\/wp-content\/uploads\/2016\/01\/slider10-1024x314.jpg 1024w\" sizes=\"auto, (max-width: 1600px) 100vw, 1600px\" \/>\t\t\t\t\t<\/div>\n\t\t\t\t\t\t\t\t\t<\/div>\n\t\t\t<\/div>\n\t\t\t\t\t<\/li>\n\t\t\t\t<li class=\"sow-slider-image\" style=\"visibility: hidden;\" >\n\t\t\t\t\t\t<div class=\"sow-slider-image-container\">\n\t\t\t\t<div class=\"sow-slider-image-wrapper\" style=\"max-width: 1600px\">\n\t\t\t\t\t\t\t\t\t\t<div class=\"sow-slider-image-foreground-wrapper\">\n\t\t\t\t\t\t<img loading=\"lazy\" decoding=\"async\" width=\"1600\" height=\"490\" src=\"https:\/\/www.neugebauer.at\/wp-content\/uploads\/2016\/01\/slider5.jpg\" class=\"sow-slider-foreground-image\" alt=\"\" style=\"\" srcset=\"https:\/\/www.neugebauer.at\/wp-content\/uploads\/2016\/01\/slider5.jpg 1600w, https:\/\/www.neugebauer.at\/wp-content\/uploads\/2016\/01\/slider5-300x92.jpg 300w, https:\/\/www.neugebauer.at\/wp-content\/uploads\/2016\/01\/slider5-768x235.jpg 768w, https:\/\/www.neugebauer.at\/wp-content\/uploads\/2016\/01\/slider5-1024x314.jpg 1024w\" sizes=\"auto, (max-width: 1600px) 100vw, 1600px\" \/>\t\t\t\t\t<\/div>\n\t\t\t\t\t\t\t\t\t<\/div>\n\t\t\t<\/div>\n\t\t\t\t\t<\/li>\n\t\t\t\t<li class=\"sow-slider-image\" style=\"visibility: hidden;\" >\n\t\t\t\t\t\t<div class=\"sow-slider-image-container\">\n\t\t\t\t<div class=\"sow-slider-image-wrapper\" style=\"max-width: 1600px\">\n\t\t\t\t\t\t\t\t\t\t<div class=\"sow-slider-image-foreground-wrapper\">\n\t\t\t\t\t\t<img loading=\"lazy\" decoding=\"async\" width=\"1600\" height=\"490\" src=\"https:\/\/www.neugebauer.at\/wp-content\/uploads\/2016\/01\/slider11.jpg\" class=\"sow-slider-foreground-image\" alt=\"\" style=\"\" srcset=\"https:\/\/www.neugebauer.at\/wp-content\/uploads\/2016\/01\/slider11.jpg 1600w, https:\/\/www.neugebauer.at\/wp-content\/uploads\/2016\/01\/slider11-300x92.jpg 300w, https:\/\/www.neugebauer.at\/wp-content\/uploads\/2016\/01\/slider11-768x235.jpg 768w, https:\/\/www.neugebauer.at\/wp-content\/uploads\/2016\/01\/slider11-1024x314.jpg 1024w\" sizes=\"auto, (max-width: 1600px) 100vw, 1600px\" \/>\t\t\t\t\t<\/div>\n\t\t\t\t\t\t\t\t\t<\/div>\n\t\t\t<\/div>\n\t\t\t\t\t<\/li>\n\t\t<\/ul>\t\t\t\t<ol class=\"sow-slider-pagination\">\n\t\t\t\t\t\t\t\t\t\t\t<li><a href=\"#\" data-goto=\"0\" aria-label=\"Display slide 1\"><\/a><\/li>\n\t\t\t\t\t\t\t\t\t\t\t<li><a href=\"#\" data-goto=\"1\" aria-label=\"Display slide 2\"><\/a><\/li>\n\t\t\t\t\t\t\t\t\t\t\t<li><a href=\"#\" data-goto=\"2\" aria-label=\"Display slide 3\"><\/a><\/li>\n\t\t\t\t\t\t\t\t\t\t\t<li><a href=\"#\" data-goto=\"3\" aria-label=\"Display slide 4\"><\/a><\/li>\n\t\t\t\t\t\t\t\t\t\t\t<li><a href=\"#\" data-goto=\"4\" aria-label=\"Display slide 5\"><\/a><\/li>\n\t\t\t\t\t\t\t\t\t\t\t<li><a href=\"#\" data-goto=\"5\" aria-label=\"Display slide 6\"><\/a><\/li>\n\t\t\t\t\t\t\t\t\t<\/ol>\n\n\t\t\t\t<div class=\"sow-slide-nav sow-slide-nav-next\">\n\t\t\t\t\t<a href=\"#\" data-goto=\"next\" aria-label=\"Next slide\" data-action=\"next\">\n\t\t\t\t\t\t<em class=\"sow-sld-icon-thin-right\"><\/em>\n\t\t\t\t\t<\/a>\n\t\t\t\t<\/div>\n\n\t\t\t\t<div class=\"sow-slide-nav sow-slide-nav-prev\">\n\t\t\t\t\t<a href=\"#\" data-goto=\"previous\" aria-label=\"Previous slide\" data-action=\"prev\">\n\t\t\t\t\t\t<em class=\"sow-sld-icon-thin-left\"><\/em>\n\t\t\t\t\t<\/a>\n\t\t\t\t<\/div>\n\t\t\t\t<\/div><\/div><\/div><\/div><\/div><div id=\"pg-6-1\"  class=\"panel-grid panel-no-style\" ><div id=\"pgc-6-1-0\"  class=\"panel-grid-cell\" ><div id=\"panel-6-1-0-0\" class=\"so-panel widget widget_sow-editor panel-first-child panel-last-child\" data-index=\"1\" ><div\n\t\t\t\n\t\t\tclass=\"so-widget-sow-editor so-widget-sow-editor-base\"\n\t\t\t\n\t\t>\n<div class=\"siteorigin-widget-tinymce textwidget\">\n\t<h2>Willkommen<\/h2>\n<blockquote>\n<p style=\"text-align: left;\"><strong>bei Moden Neugebauer, Ihrem Jeans Multibrandstore seit 1950.<\/strong><\/p>\n<p style=\"text-align: left;\">Wir sind ein familiengef\u00fchrtes Unternehmen in 3. Generation und legen gr\u00f6\u00dften Wert auf Fachberatung und pers\u00f6nlichen Kontakt.<\/p>\n<p style=\"text-align: left;\">Gerne k\u00fcmmern wir uns auch um Ihre ausgefallenen W\u00fcnsche und bestellen f\u00fcr Sie aus der Vielfalt unserer Marken und Partner.<\/p>\n<\/blockquote>\n<\/div>\n<\/div><\/div><\/div><\/div><div id=\"pg-6-2\"  class=\"panel-grid panel-no-style\" ><div id=\"pgc-6-2-0\"  class=\"panel-grid-cell\" ><div id=\"panel-6-2-0-0\" class=\"so-panel widget widget_gap-widget panel-first-child panel-last-child\" data-index=\"2\" ><div class=\"gap\" style=\"height: 70 pxpx;\"><\/div><\/div><\/div><\/div><div id=\"pg-6-3\"  class=\"panel-grid panel-no-style\" ><div id=\"pgc-6-3-0\"  class=\"panel-grid-cell\" ><div id=\"panel-6-3-0-0\" class=\"so-panel widget widget_sow-editor panel-first-child panel-last-child\" data-index=\"3\" ><div\n\t\t\t\n\t\t\tclass=\"so-widget-sow-editor so-widget-sow-editor-base\"\n\t\t\t\n\t\t>\n<div class=\"siteorigin-widget-tinymce textwidget\">\n\t<div class=\"\" dir=\"auto\">\n<div id=\"jsc_c_5m\" class=\"ecm0bbzt hv4rvrfc ihqw7lf3 dati1w0a\" data-ad-comet-preview=\"message\" data-ad-preview=\"message\">\n<div class=\"j83agx80 cbu4d94t ew0dbk1b irj2b8pg\">\n<div class=\"qzhwtbm6 knvmm38d\">\n<div class=\"kvgmc6g5 cxmmr5t8 oygrvhab hcukyx3x c1et5uql ii04i59q\">\n<div dir=\"auto\"><span style=\"-webkit-tap-highlight-color: rgba(0, 0, 0, 0);\">\u00d6ffnungszeiten:<\/span><\/div>\n<div dir=\"auto\">Montag - Freitag: 09:15-12:30; 13:30-18:00<\/div>\n<div dir=\"auto\">Samstag: 09:15-16:00<\/div>\n<\/div>\n<\/div>\n<\/div>\n<p>&nbsp;<\/p>\n<\/div>\n<\/div>\n<\/div>\n<\/div><\/div><\/div><\/div><div id=\"pg-6-4\"  class=\"panel-grid panel-no-style\" ><div id=\"pgc-6-4-0\"  class=\"panel-grid-cell\" ><div id=\"panel-6-4-0-0\" class=\"so-panel widget widget_sow-editor panel-first-child panel-last-child\" data-index=\"4\" ><div\n\t\t\t\n\t\t\tclass=\"so-widget-sow-editor so-widget-sow-editor-base\"\n\t\t\t\n\t\t>\n<div class=\"siteorigin-widget-tinymce textwidget\">\n\t<p style=\"text-align: left;\">\u00a0<\/p>\n<p style=\"text-align: left;\">\u00a0Unsere Partner:<\/p>\n<\/div>\n<\/div><\/div><\/div><div id=\"pgc-6-4-1\"  class=\"panel-grid-cell\" ><div id=\"panel-6-4-1-0\" class=\"so-panel widget widget_webulous-image-widget panel-first-child panel-last-child\" data-index=\"5\" ><a href=\"http:\/\/www.roemerweg.at\/\"><img decoding=\"async\" src=\"\/wp-content\/uploads\/logos\/roemerweg.jpg\" \/><\/a><\/div><\/div><div id=\"pgc-6-4-2\"  class=\"panel-grid-cell\" ><div id=\"panel-6-4-2-0\" class=\"so-panel widget widget_webulous-image-widget panel-first-child panel-last-child\" data-index=\"6\" ><a href=\"http:\/\/www.initiative-denkmalschutz.at\/\"><img decoding=\"async\" src=\"\/wp-content\/uploads\/logos\/initative-denkmalschutz.jpg\" \/><\/a><\/div><\/div><div id=\"pgc-6-4-3\"  class=\"panel-grid-cell\" ><div id=\"panel-6-4-3-0\" class=\"so-panel widget widget_webulous-image-widget panel-first-child panel-last-child\" data-index=\"7\" ><a href=\"https:\/\/www.facebook.com\/akw-Atelier-kreativ-Wels-213542958667642\/\"><img decoding=\"async\" src=\"\/wp-content\/uploads\/logos\/akw.jpg\" \/><\/a><\/div><\/div><div id=\"pgc-6-4-4\"  class=\"panel-grid-cell panel-grid-cell-mobile-last\" ><div id=\"panel-6-4-4-0\" class=\"so-panel widget widget_webulous-image-widget panel-first-child panel-last-child\" data-index=\"8\" ><a href=\"http:\/\/extremhaeklerin.at\/\"><img decoding=\"async\" src=\"\/wp-content\/uploads\/logos\/extremhaeklerin.jpg\" \/><\/a><\/div><\/div><div id=\"pgc-6-4-5\"  class=\"panel-grid-cell panel-grid-cell-empty\" ><\/div><\/div><\/div>","protected":false},"excerpt":{"rendered":"<p>Willkommen bei Moden Neugebauer, Ihrem Jeans Multibrandstore seit 1950. Wir sind ein familiengef\u00fchrtes Unternehmen in 3. Generation und legen gr\u00f6\u00dften<\/p>\n<p class=\"readmore\"><a href=\"https:\/\/www.neugebauer.at\/\" title=\"Read Home\">Read more &raquo;<\/a><\/p>\n","protected":false},"author":1,"featured_media":0,"parent":0,"menu_order":1,"comment_status":"closed","ping_status":"closed","template":"","meta":{"footnotes":""},"class_list":["post-6","page","type-page","status-publish","hentry"],"_links":{"self":[{"href":"https:\/\/www.neugebauer.at\/index.php?rest_route=\/wp\/v2\/pages\/6","targetHints":{"allow":["GET"]}}],"collection":[{"href":"https:\/\/www.neugebauer.at\/index.php?rest_route=\/wp\/v2\/pages"}],"about":[{"href":"https:\/\/www.neugebauer.at\/index.php?rest_route=\/wp\/v2\/types\/page"}],"author":[{"embeddable":true,"href":"https:\/\/www.neugebauer.at\/index.php?rest_route=\/wp\/v2\/users\/1"}],"replies":[{"embeddable":true,"href":"https:\/\/www.neugebauer.at\/index.php?rest_route=%2Fwp%2Fv2%2Fcomments&post=6"}],"version-history":[{"count":101,"href":"https:\/\/www.neugebauer.at\/index.php?rest_route=\/wp\/v2\/pages\/6\/revisions"}],"predecessor-version":[{"id":1232,"href":"https:\/\/www.neugebauer.at\/index.php?rest_route=\/wp\/v2\/pages\/6\/revisions\/1232"}],"wp:attachment":[{"href":"https:\/\/www.neugebauer.at\/index.php?rest_route=%2Fwp%2Fv2%2Fmedia&parent=6"}],"curies":[{"name":"wp","href":"https:\/\/api.w.org\/{rel}","templated":true}]}}